{"id":25184,"date":"2020-06-10T13:04:27","date_gmt":"2020-06-10T13:04:27","guid":{"rendered":"https:\/\/www.bulgin.me.uk\/connecteurs-electriques-etanches-a-leau-pour-environnements-difficiles-illustration-de-la-connectivite-4\/"},"modified":"2025-12-17T12:29:47","modified_gmt":"2025-12-17T12:29:47","slug":"connecteurs-electriques-etanches-a-leau-pour-environnements-difficiles-illustration-de-la-connectivite-4","status":"publish","type":"page","link":"https:\/\/www.bulgin.com\/ca-fr\/","title":{"rendered":"Connecteurs \u00e9lectriques \u00e9tanches \u00e0 l\u2019eau pour environnements difficiles, illustration de la connectivit\u00e9"},"content":{"rendered":"","protected":false},"excerpt":{"rendered":"","protected":false},"author":1,"featured_media":0,"parent":0,"menu_order":0,"comment_status":"closed","ping_status":"closed","template":"","meta":{"_acf_changed":false,"inline_featured_image":false,"footnotes":""},"class_list":["post-25184","page","type-page","status-publish","hentry"],"acf":[],"yoast_head":"<!-- This site is optimized with the Yoast SEO plugin v26.7 - https:\/\/yoast.com\/wordpress\/plugins\/seo\/ -->\n<title>Connecteurs \u00e9lectriques \u00e9tanches \u00e0 l\u2019eau pour environnements difficiles, illustration de la connectivit\u00e9 - Bulgin<\/title>\n<meta name=\"robots\" content=\"index, follow, max-snippet:-1, max-image-preview:large, max-video-preview:-1\" \/>\n<link rel=\"canonical\" href=\"https:\/\/www.bulgin.com\/ca-fr\/\" \/>\n<meta property=\"og:locale\" content=\"fr_CA\" \/>\n<meta property=\"og:type\" content=\"article\" \/>\n<meta property=\"og:title\" content=\"Connecteurs \u00e9lectriques \u00e9tanches \u00e0 l\u2019eau pour environnements difficiles, illustration de la connectivit\u00e9 - Bulgin\" \/>\n<meta property=\"og:url\" content=\"https:\/\/www.bulgin.com\/ca-fr\/\" \/>\n<meta property=\"og:site_name\" content=\"Bulgin\" \/>\n<meta property=\"article:modified_time\" content=\"2025-12-17T12:29:47+00:00\" \/>\n<meta name=\"twitter:card\" content=\"summary_large_image\" \/>\n<!-- \/ Yoast SEO plugin. -->","yoast_head_json":{"title":"Connecteurs \u00e9lectriques \u00e9tanches \u00e0 l\u2019eau pour environnements difficiles, illustration de la connectivit\u00e9 - Bulgin","robots":{"index":"index","follow":"follow","max-snippet":"max-snippet:-1","max-image-preview":"max-image-preview:large","max-video-preview":"max-video-preview:-1"},"canonical":"https:\/\/www.bulgin.com\/ca-fr\/","og_locale":"fr_CA","og_type":"article","og_title":"Connecteurs \u00e9lectriques \u00e9tanches \u00e0 l\u2019eau pour environnements difficiles, illustration de la connectivit\u00e9 - Bulgin","og_url":"https:\/\/www.bulgin.com\/ca-fr\/","og_site_name":"Bulgin","article_modified_time":"2025-12-17T12:29:47+00:00","twitter_card":"summary_large_image","schema":{"@context":"https:\/\/schema.org","@graph":[{"@type":"WebPage","@id":"https:\/\/www.bulgin.com\/ca-fr\/","url":"https:\/\/www.bulgin.com\/ca-fr\/","name":"Connecteurs \u00e9lectriques \u00e9tanches \u00e0 l\u2019eau pour environnements difficiles, illustration de la connectivit\u00e9 - Bulgin","isPartOf":{"@id":"https:\/\/www.bulgin.com\/ca-fr\/#website"},"datePublished":"2020-06-10T13:04:27+00:00","dateModified":"2025-12-17T12:29:47+00:00","breadcrumb":{"@id":"https:\/\/www.bulgin.com\/ca-fr\/#breadcrumb"},"inLanguage":"fr-CA","potentialAction":[{"@type":"ReadAction","target":["https:\/\/www.bulgin.com\/ca-fr\/"]}]},{"@type":"BreadcrumbList","@id":"https:\/\/www.bulgin.com\/ca-fr\/#breadcrumb","itemListElement":[{"@type":"ListItem","position":1,"name":"Accueil","item":"https:\/\/www.bulgin.com\/ca-fr\/"},{"@type":"ListItem","position":2,"name":"Connecteurs \u00e9lectriques \u00e9tanches \u00e0 l\u2019eau pour environnements difficiles, illustration de la connectivit\u00e9"}]},{"@type":"WebSite","@id":"https:\/\/www.bulgin.com\/ca-fr\/#website","url":"https:\/\/www.bulgin.com\/ca-fr\/","name":"Bulgin","description":"","potentialAction":[{"@type":"SearchAction","target":{"@type":"EntryPoint","urlTemplate":"https:\/\/www.bulgin.com\/ca-fr\/?s={search_term_string}"},"query-input":{"@type":"PropertyValueSpecification","valueRequired":true,"valueName":"search_term_string"}}],"inLanguage":"fr-CA"}]}},"_links":{"self":[{"href":"https:\/\/www.bulgin.com\/ca-fr\/wp-json\/wp\/v2\/pages\/25184","targetHints":{"allow":["GET"]}}],"collection":[{"href":"https:\/\/www.bulgin.com\/ca-fr\/wp-json\/wp\/v2\/pages"}],"about":[{"href":"https:\/\/www.bulgin.com\/ca-fr\/wp-json\/wp\/v2\/types\/page"}],"author":[{"embeddable":true,"href":"https:\/\/www.bulgin.com\/ca-fr\/wp-json\/wp\/v2\/users\/1"}],"replies":[{"embeddable":true,"href":"https:\/\/www.bulgin.com\/ca-fr\/wp-json\/wp\/v2\/comments?post=25184"}],"version-history":[{"count":7,"href":"https:\/\/www.bulgin.com\/ca-fr\/wp-json\/wp\/v2\/pages\/25184\/revisions"}],"predecessor-version":[{"id":30428,"href":"https:\/\/www.bulgin.com\/ca-fr\/wp-json\/wp\/v2\/pages\/25184\/revisions\/30428"}],"wp:attachment":[{"href":"https:\/\/www.bulgin.com\/ca-fr\/wp-json\/wp\/v2\/media?parent=25184"}],"curies":[{"name":"wp","href":"https:\/\/api.w.org\/{rel}","templated":true}]}}