{"id":28269,"date":"2024-01-18T12:09:18","date_gmt":"2024-01-18T12:09:18","guid":{"rendered":"https:\/\/www.bulgin.com\/factory-automation-connectors\/"},"modified":"2025-11-27T15:30:52","modified_gmt":"2025-11-27T15:30:52","slug":"factory-automation","status":"publish","type":"page","link":"https:\/\/www.bulgin.com\/ca-fr\/about-us\/media\/overviews\/factory-automation\/","title":{"rendered":"Connecteurs pour l&rsquo;automatisation industrielle"},"content":{"rendered":"","protected":false},"excerpt":{"rendered":"","protected":false},"author":9,"featured_media":0,"parent":28469,"menu_order":0,"comment_status":"closed","ping_status":"closed","template":"","meta":{"_acf_changed":false,"inline_featured_image":false,"footnotes":""},"class_list":["post-28269","page","type-page","status-publish","hentry"],"acf":[],"yoast_head":"<!-- This site is optimized with the Yoast SEO plugin v27.2 - https:\/\/yoast.com\/product\/yoast-seo-wordpress\/ -->\n<title>Connecteurs pour l&#039;automatisation industrielle - Bulgin<\/title>\n<meta name=\"description\" content=\"D\u00e9couvrez les connecteurs d&#039;automatisation industrielle durables et fiables fabriqu\u00e9s par Bulgin. Notre gamme offre des solutions de haute performance con\u00e7ues pour optimiser les processus industriels dans des environnements difficiles. D\u00e9couvrez notre s\u00e9lection de connecteurs con\u00e7us pour une int\u00e9gration parfaite dans les syst\u00e8mes d&#039;automatisation.\" \/>\n<meta name=\"robots\" content=\"index, follow, max-snippet:-1, max-image-preview:large, max-video-preview:-1\" \/>\n<link rel=\"canonical\" href=\"https:\/\/www.bulgin.com\/ca-fr\/about-us\/media\/overviews\/factory-automation\/\" \/>\n<meta property=\"og:locale\" content=\"fr_CA\" \/>\n<meta property=\"og:type\" content=\"article\" \/>\n<meta property=\"og:title\" content=\"Connecteurs pour l&#039;automatisation industrielle - Bulgin\" \/>\n<meta property=\"og:description\" content=\"D\u00e9couvrez les connecteurs d&#039;automatisation industrielle durables et fiables fabriqu\u00e9s par Bulgin. Notre gamme offre des solutions de haute performance con\u00e7ues pour optimiser les processus industriels dans des environnements difficiles. D\u00e9couvrez notre s\u00e9lection de connecteurs con\u00e7us pour une int\u00e9gration parfaite dans les syst\u00e8mes d&#039;automatisation.\" \/>\n<meta property=\"og:url\" content=\"https:\/\/www.bulgin.com\/ca-fr\/about-us\/media\/overviews\/factory-automation\/\" \/>\n<meta property=\"og:site_name\" content=\"Bulgin\" \/>\n<meta property=\"article:modified_time\" content=\"2025-11-27T15:30:52+00:00\" \/>\n<meta name=\"twitter:card\" content=\"summary_large_image\" \/>\n<!-- \/ Yoast SEO plugin. -->","yoast_head_json":{"title":"Connecteurs pour l'automatisation industrielle - Bulgin","description":"D\u00e9couvrez les connecteurs d'automatisation industrielle durables et fiables fabriqu\u00e9s par Bulgin. Notre gamme offre des solutions de haute performance con\u00e7ues pour optimiser les processus industriels dans des environnements difficiles. D\u00e9couvrez notre s\u00e9lection de connecteurs con\u00e7us pour une int\u00e9gration parfaite dans les syst\u00e8mes d'automatisation.","robots":{"index":"index","follow":"follow","max-snippet":"max-snippet:-1","max-image-preview":"max-image-preview:large","max-video-preview":"max-video-preview:-1"},"canonical":"https:\/\/www.bulgin.com\/ca-fr\/about-us\/media\/overviews\/factory-automation\/","og_locale":"fr_CA","og_type":"article","og_title":"Connecteurs pour l'automatisation industrielle - Bulgin","og_description":"D\u00e9couvrez les connecteurs d'automatisation industrielle durables et fiables fabriqu\u00e9s par Bulgin. Notre gamme offre des solutions de haute performance con\u00e7ues pour optimiser les processus industriels dans des environnements difficiles. D\u00e9couvrez notre s\u00e9lection de connecteurs con\u00e7us pour une int\u00e9gration parfaite dans les syst\u00e8mes d'automatisation.","og_url":"https:\/\/www.bulgin.com\/ca-fr\/about-us\/media\/overviews\/factory-automation\/","og_site_name":"Bulgin","article_modified_time":"2025-11-27T15:30:52+00:00","twitter_card":"summary_large_image","schema":{"@context":"https:\/\/schema.org","@graph":[{"@type":"WebPage","@id":"https:\/\/www.bulgin.com\/ca-fr\/about-us\/media\/overviews\/factory-automation\/","url":"https:\/\/www.bulgin.com\/ca-fr\/about-us\/media\/overviews\/factory-automation\/","name":"Connecteurs pour l'automatisation industrielle - Bulgin","isPartOf":{"@id":"https:\/\/www.bulgin.com\/ca-fr\/#website"},"datePublished":"2024-01-18T12:09:18+00:00","dateModified":"2025-11-27T15:30:52+00:00","description":"D\u00e9couvrez les connecteurs d'automatisation industrielle durables et fiables fabriqu\u00e9s par Bulgin. Notre gamme offre des solutions de haute performance con\u00e7ues pour optimiser les processus industriels dans des environnements difficiles. D\u00e9couvrez notre s\u00e9lection de connecteurs con\u00e7us pour une int\u00e9gration parfaite dans les syst\u00e8mes d'automatisation.","breadcrumb":{"@id":"https:\/\/www.bulgin.com\/ca-fr\/about-us\/media\/overviews\/factory-automation\/#breadcrumb"},"inLanguage":"fr-CA","potentialAction":[{"@type":"ReadAction","target":["https:\/\/www.bulgin.com\/ca-fr\/about-us\/media\/overviews\/factory-automation\/"]}]},{"@type":"BreadcrumbList","@id":"https:\/\/www.bulgin.com\/ca-fr\/about-us\/media\/overviews\/factory-automation\/#breadcrumb","itemListElement":[{"@type":"ListItem","position":1,"name":"Accueil","item":"https:\/\/www.bulgin.com\/ca-fr\/"},{"@type":"ListItem","position":2,"name":"About Us","item":"https:\/\/www.bulgin.com\/ca-fr\/about-us\/"},{"@type":"ListItem","position":3,"name":"Media","item":"https:\/\/www.bulgin.com\/ca-fr\/about-us\/media\/"},{"@type":"ListItem","position":4,"name":"Overviews","item":"https:\/\/www.bulgin.com\/ca-fr\/about-us\/media\/overviews\/"},{"@type":"ListItem","position":5,"name":"Connecteurs pour l&#8217;automatisation industrielle"}]},{"@type":"WebSite","@id":"https:\/\/www.bulgin.com\/ca-fr\/#website","url":"https:\/\/www.bulgin.com\/ca-fr\/","name":"Bulgin","description":"","potentialAction":[{"@type":"SearchAction","target":{"@type":"EntryPoint","urlTemplate":"https:\/\/www.bulgin.com\/ca-fr\/?s={search_term_string}"},"query-input":{"@type":"PropertyValueSpecification","valueRequired":true,"valueName":"search_term_string"}}],"inLanguage":"fr-CA"}]}},"_links":{"self":[{"href":"https:\/\/www.bulgin.com\/ca-fr\/wp-json\/wp\/v2\/pages\/28269","targetHints":{"allow":["GET"]}}],"collection":[{"href":"https:\/\/www.bulgin.com\/ca-fr\/wp-json\/wp\/v2\/pages"}],"about":[{"href":"https:\/\/www.bulgin.com\/ca-fr\/wp-json\/wp\/v2\/types\/page"}],"author":[{"embeddable":true,"href":"https:\/\/www.bulgin.com\/ca-fr\/wp-json\/wp\/v2\/users\/9"}],"replies":[{"embeddable":true,"href":"https:\/\/www.bulgin.com\/ca-fr\/wp-json\/wp\/v2\/comments?post=28269"}],"version-history":[{"count":8,"href":"https:\/\/www.bulgin.com\/ca-fr\/wp-json\/wp\/v2\/pages\/28269\/revisions"}],"predecessor-version":[{"id":32277,"href":"https:\/\/www.bulgin.com\/ca-fr\/wp-json\/wp\/v2\/pages\/28269\/revisions\/32277"}],"up":[{"embeddable":true,"href":"https:\/\/www.bulgin.com\/ca-fr\/wp-json\/wp\/v2\/pages\/28469"}],"wp:attachment":[{"href":"https:\/\/www.bulgin.com\/ca-fr\/wp-json\/wp\/v2\/media?parent=28269"}],"curies":[{"name":"wp","href":"https:\/\/api.w.org\/{rel}","templated":true}]}}