{"id":28272,"date":"2024-01-18T12:12:15","date_gmt":"2024-01-18T12:12:15","guid":{"rendered":"https:\/\/www.bulgin.com\/factory-automation-connectors\/"},"modified":"2025-11-27T15:38:51","modified_gmt":"2025-11-27T15:38:51","slug":"factory-automation","status":"publish","type":"page","link":"https:\/\/www.bulgin.com\/de\/about-us\/media\/overviews\/factory-automation\/","title":{"rendered":"Steckverbinder f\u00fcr die Fabrikautomation"},"content":{"rendered":"","protected":false},"excerpt":{"rendered":"","protected":false},"author":9,"featured_media":0,"parent":28472,"menu_order":0,"comment_status":"closed","ping_status":"closed","template":"","meta":{"_acf_changed":false,"inline_featured_image":false,"footnotes":""},"class_list":["post-28272","page","type-page","status-publish","hentry"],"acf":[],"yoast_head":"<!-- This site is optimized with the Yoast SEO plugin v26.7 - https:\/\/yoast.com\/wordpress\/plugins\/seo\/ -->\n<title>Steckverbinder f\u00fcr die Fabrikautomation - Bulgin<\/title>\n<meta name=\"description\" content=\"Entdecken Sie langlebige und zuverl\u00e4ssige Steckverbinder f\u00fcr die Fabrikautomation, die von Bulgin hergestellt werden. Unser Sortiment bietet leistungsstarke L\u00f6sungen zur Optimierung industrieller Prozesse in rauen Umgebungen. Entdecken Sie unsere Auswahl an Steckverbindern, die auf die nahtlose Integration in Automatisierungssysteme zugeschnitten sind.\" \/>\n<meta name=\"robots\" content=\"index, follow, max-snippet:-1, max-image-preview:large, max-video-preview:-1\" \/>\n<link rel=\"canonical\" href=\"https:\/\/www.bulgin.com\/de\/about-us\/media\/overviews\/factory-automation\/\" \/>\n<meta property=\"og:locale\" content=\"de_DE\" \/>\n<meta property=\"og:type\" content=\"article\" \/>\n<meta property=\"og:title\" content=\"Steckverbinder f\u00fcr die Fabrikautomation - Bulgin\" \/>\n<meta property=\"og:description\" content=\"Entdecken Sie langlebige und zuverl\u00e4ssige Steckverbinder f\u00fcr die Fabrikautomation, die von Bulgin hergestellt werden. Unser Sortiment bietet leistungsstarke L\u00f6sungen zur Optimierung industrieller Prozesse in rauen Umgebungen. Entdecken Sie unsere Auswahl an Steckverbindern, die auf die nahtlose Integration in Automatisierungssysteme zugeschnitten sind.\" \/>\n<meta property=\"og:url\" content=\"https:\/\/www.bulgin.com\/de\/about-us\/media\/overviews\/factory-automation\/\" \/>\n<meta property=\"og:site_name\" content=\"Bulgin\" \/>\n<meta property=\"article:modified_time\" content=\"2025-11-27T15:38:51+00:00\" \/>\n<meta name=\"twitter:card\" content=\"summary_large_image\" \/>\n<!-- \/ Yoast SEO plugin. -->","yoast_head_json":{"title":"Steckverbinder f\u00fcr die Fabrikautomation - Bulgin","description":"Entdecken Sie langlebige und zuverl\u00e4ssige Steckverbinder f\u00fcr die Fabrikautomation, die von Bulgin hergestellt werden. Unser Sortiment bietet leistungsstarke L\u00f6sungen zur Optimierung industrieller Prozesse in rauen Umgebungen. Entdecken Sie unsere Auswahl an Steckverbindern, die auf die nahtlose Integration in Automatisierungssysteme zugeschnitten sind.","robots":{"index":"index","follow":"follow","max-snippet":"max-snippet:-1","max-image-preview":"max-image-preview:large","max-video-preview":"max-video-preview:-1"},"canonical":"https:\/\/www.bulgin.com\/de\/about-us\/media\/overviews\/factory-automation\/","og_locale":"de_DE","og_type":"article","og_title":"Steckverbinder f\u00fcr die Fabrikautomation - Bulgin","og_description":"Entdecken Sie langlebige und zuverl\u00e4ssige Steckverbinder f\u00fcr die Fabrikautomation, die von Bulgin hergestellt werden. Unser Sortiment bietet leistungsstarke L\u00f6sungen zur Optimierung industrieller Prozesse in rauen Umgebungen. Entdecken Sie unsere Auswahl an Steckverbindern, die auf die nahtlose Integration in Automatisierungssysteme zugeschnitten sind.","og_url":"https:\/\/www.bulgin.com\/de\/about-us\/media\/overviews\/factory-automation\/","og_site_name":"Bulgin","article_modified_time":"2025-11-27T15:38:51+00:00","twitter_card":"summary_large_image","schema":{"@context":"https:\/\/schema.org","@graph":[{"@type":"WebPage","@id":"https:\/\/www.bulgin.com\/de\/about-us\/media\/overviews\/factory-automation\/","url":"https:\/\/www.bulgin.com\/de\/about-us\/media\/overviews\/factory-automation\/","name":"Steckverbinder f\u00fcr die Fabrikautomation - Bulgin","isPartOf":{"@id":"https:\/\/www.bulgin.com\/de\/#website"},"datePublished":"2024-01-18T12:12:15+00:00","dateModified":"2025-11-27T15:38:51+00:00","description":"Entdecken Sie langlebige und zuverl\u00e4ssige Steckverbinder f\u00fcr die Fabrikautomation, die von Bulgin hergestellt werden. Unser Sortiment bietet leistungsstarke L\u00f6sungen zur Optimierung industrieller Prozesse in rauen Umgebungen. Entdecken Sie unsere Auswahl an Steckverbindern, die auf die nahtlose Integration in Automatisierungssysteme zugeschnitten sind.","breadcrumb":{"@id":"https:\/\/www.bulgin.com\/de\/about-us\/media\/overviews\/factory-automation\/#breadcrumb"},"inLanguage":"de","potentialAction":[{"@type":"ReadAction","target":["https:\/\/www.bulgin.com\/de\/about-us\/media\/overviews\/factory-automation\/"]}]},{"@type":"BreadcrumbList","@id":"https:\/\/www.bulgin.com\/de\/about-us\/media\/overviews\/factory-automation\/#breadcrumb","itemListElement":[{"@type":"ListItem","position":1,"name":"Startseite","item":"https:\/\/www.bulgin.com\/de\/"},{"@type":"ListItem","position":2,"name":"\u00dcber uns","item":"https:\/\/www.bulgin.com\/de\/about-us\/"},{"@type":"ListItem","position":3,"name":"Media","item":"https:\/\/www.bulgin.com\/de\/about-us\/media\/"},{"@type":"ListItem","position":4,"name":"Overviews","item":"https:\/\/www.bulgin.com\/de\/about-us\/media\/overviews\/"},{"@type":"ListItem","position":5,"name":"Steckverbinder f\u00fcr die Fabrikautomation"}]},{"@type":"WebSite","@id":"https:\/\/www.bulgin.com\/de\/#website","url":"https:\/\/www.bulgin.com\/de\/","name":"Bulgin","description":"","potentialAction":[{"@type":"SearchAction","target":{"@type":"EntryPoint","urlTemplate":"https:\/\/www.bulgin.com\/de\/?s={search_term_string}"},"query-input":{"@type":"PropertyValueSpecification","valueRequired":true,"valueName":"search_term_string"}}],"inLanguage":"de"}]}},"_links":{"self":[{"href":"https:\/\/www.bulgin.com\/de\/wp-json\/wp\/v2\/pages\/28272","targetHints":{"allow":["GET"]}}],"collection":[{"href":"https:\/\/www.bulgin.com\/de\/wp-json\/wp\/v2\/pages"}],"about":[{"href":"https:\/\/www.bulgin.com\/de\/wp-json\/wp\/v2\/types\/page"}],"author":[{"embeddable":true,"href":"https:\/\/www.bulgin.com\/de\/wp-json\/wp\/v2\/users\/9"}],"replies":[{"embeddable":true,"href":"https:\/\/www.bulgin.com\/de\/wp-json\/wp\/v2\/comments?post=28272"}],"version-history":[{"count":7,"href":"https:\/\/www.bulgin.com\/de\/wp-json\/wp\/v2\/pages\/28272\/revisions"}],"predecessor-version":[{"id":32281,"href":"https:\/\/www.bulgin.com\/de\/wp-json\/wp\/v2\/pages\/28272\/revisions\/32281"}],"up":[{"embeddable":true,"href":"https:\/\/www.bulgin.com\/de\/wp-json\/wp\/v2\/pages\/28472"}],"wp:attachment":[{"href":"https:\/\/www.bulgin.com\/de\/wp-json\/wp\/v2\/media?parent=28272"}],"curies":[{"name":"wp","href":"https:\/\/api.w.org\/{rel}","templated":true}]}}