{"id":25185,"date":"2020-06-10T13:04:27","date_gmt":"2020-06-10T13:04:27","guid":{"rendered":"https:\/\/www.bulgin.me.uk\/%e7%94%a8%e6%96%bc%e6%83%a1%e5%8a%a3%e7%92%b0%e5%a2%83%e7%9a%84%e9%98%b2%e6%b0%b4%e9%9b%bb%e9%80%a3%e6%8e%a5%e5%99%a8%ef%bc%8c%e9%80%a3%e6%8e%a5%e8%a8%ad%e8%a8%88-yong-yu-elie-huanjing-de-fangshui-d-3\/"},"modified":"2025-12-17T12:49:16","modified_gmt":"2025-12-17T12:49:16","slug":"%e7%94%a8%e6%96%bc%e6%83%a1%e5%8a%a3%e7%92%b0%e5%a2%83%e7%9a%84%e9%98%b2%e6%b0%b4%e9%9b%bb%e9%80%a3%e6%8e%a5%e5%99%a8%ef%bc%8c%e9%80%a3%e6%8e%a5%e8%a8%ad%e8%a8%88-yong-yu-elie-huanjing-de-fangshui-d-3","status":"publish","type":"page","link":"https:\/\/www.bulgin.com\/zh-hans\/","title":{"rendered":"\u7528\u65bc\u60e1\u52a3\u74b0\u5883\u7684\u9632\u6c34\u96fb\u9023\u63a5\u5668\uff0c\u9023\u63a5\u8a2d\u8a08 Y\u00f2ng y\u00fa \u00e8li\u00e8 hu\u00e1nj\u00ecng de f\u00e1ngshu\u01d0 di\u00e0n li\u00e1nji\u0113 q\u00ec, li\u00e1nji\u0113 sh\u00e8j\u00ec"},"content":{"rendered":"","protected":false},"excerpt":{"rendered":"","protected":false},"author":1,"featured_media":0,"parent":0,"menu_order":0,"comment_status":"closed","ping_status":"closed","template":"","meta":{"_acf_changed":false,"inline_featured_image":false,"footnotes":""},"class_list":["post-25185","page","type-page","status-publish","hentry"],"acf":[],"yoast_head":"<!-- This site is optimized with the Yoast SEO plugin v26.7 - https:\/\/yoast.com\/wordpress\/plugins\/seo\/ -->\n<title>\u7528\u65bc\u60e1\u52a3\u74b0\u5883\u7684\u9632\u6c34\u96fb\u9023\u63a5\u5668\uff0c\u9023\u63a5\u8a2d\u8a08 Y\u00f2ng y\u00fa \u00e8li\u00e8 hu\u00e1nj\u00ecng de f\u00e1ngshu\u01d0 di\u00e0n li\u00e1nji\u0113 q\u00ec, li\u00e1nji\u0113 sh\u00e8j\u00ec - Bulgin<\/title>\n<meta name=\"robots\" content=\"index, follow, max-snippet:-1, max-image-preview:large, max-video-preview:-1\" \/>\n<link rel=\"canonical\" href=\"https:\/\/www.bulgin.com\/zh-hans\/\" \/>\n<meta property=\"og:locale\" content=\"zh_CN\" \/>\n<meta property=\"og:type\" content=\"article\" \/>\n<meta property=\"og:title\" content=\"\u7528\u65bc\u60e1\u52a3\u74b0\u5883\u7684\u9632\u6c34\u96fb\u9023\u63a5\u5668\uff0c\u9023\u63a5\u8a2d\u8a08 Y\u00f2ng y\u00fa \u00e8li\u00e8 hu\u00e1nj\u00ecng de f\u00e1ngshu\u01d0 di\u00e0n li\u00e1nji\u0113 q\u00ec, li\u00e1nji\u0113 sh\u00e8j\u00ec - Bulgin\" \/>\n<meta property=\"og:url\" content=\"https:\/\/www.bulgin.com\/zh-hans\/\" \/>\n<meta property=\"og:site_name\" content=\"Bulgin\" \/>\n<meta property=\"article:modified_time\" content=\"2025-12-17T12:49:16+00:00\" \/>\n<meta name=\"twitter:card\" content=\"summary_large_image\" \/>\n<!-- \/ Yoast SEO plugin. -->","yoast_head_json":{"title":"\u7528\u65bc\u60e1\u52a3\u74b0\u5883\u7684\u9632\u6c34\u96fb\u9023\u63a5\u5668\uff0c\u9023\u63a5\u8a2d\u8a08 Y\u00f2ng y\u00fa \u00e8li\u00e8 hu\u00e1nj\u00ecng de f\u00e1ngshu\u01d0 di\u00e0n li\u00e1nji\u0113 q\u00ec, li\u00e1nji\u0113 sh\u00e8j\u00ec - Bulgin","robots":{"index":"index","follow":"follow","max-snippet":"max-snippet:-1","max-image-preview":"max-image-preview:large","max-video-preview":"max-video-preview:-1"},"canonical":"https:\/\/www.bulgin.com\/zh-hans\/","og_locale":"zh_CN","og_type":"article","og_title":"\u7528\u65bc\u60e1\u52a3\u74b0\u5883\u7684\u9632\u6c34\u96fb\u9023\u63a5\u5668\uff0c\u9023\u63a5\u8a2d\u8a08 Y\u00f2ng y\u00fa \u00e8li\u00e8 hu\u00e1nj\u00ecng de f\u00e1ngshu\u01d0 di\u00e0n li\u00e1nji\u0113 q\u00ec, li\u00e1nji\u0113 sh\u00e8j\u00ec - Bulgin","og_url":"https:\/\/www.bulgin.com\/zh-hans\/","og_site_name":"Bulgin","article_modified_time":"2025-12-17T12:49:16+00:00","twitter_card":"summary_large_image","schema":{"@context":"https:\/\/schema.org","@graph":[{"@type":"WebPage","@id":"https:\/\/www.bulgin.com\/zh-hans\/","url":"https:\/\/www.bulgin.com\/zh-hans\/","name":"\u7528\u65bc\u60e1\u52a3\u74b0\u5883\u7684\u9632\u6c34\u96fb\u9023\u63a5\u5668\uff0c\u9023\u63a5\u8a2d\u8a08 Y\u00f2ng y\u00fa \u00e8li\u00e8 hu\u00e1nj\u00ecng de f\u00e1ngshu\u01d0 di\u00e0n li\u00e1nji\u0113 q\u00ec, li\u00e1nji\u0113 sh\u00e8j\u00ec - Bulgin","isPartOf":{"@id":"https:\/\/www.bulgin.com\/zh-hans\/#website"},"datePublished":"2020-06-10T13:04:27+00:00","dateModified":"2025-12-17T12:49:16+00:00","breadcrumb":{"@id":"https:\/\/www.bulgin.com\/zh-hans\/#breadcrumb"},"inLanguage":"zh-Hans","potentialAction":[{"@type":"ReadAction","target":["https:\/\/www.bulgin.com\/zh-hans\/"]}]},{"@type":"BreadcrumbList","@id":"https:\/\/www.bulgin.com\/zh-hans\/#breadcrumb","itemListElement":[{"@type":"ListItem","position":1,"name":"\u4e3b\u9875","item":"https:\/\/www.bulgin.com\/zh-hans\/"},{"@type":"ListItem","position":2,"name":"\u7528\u65bc\u60e1\u52a3\u74b0\u5883\u7684\u9632\u6c34\u96fb\u9023\u63a5\u5668\uff0c\u9023\u63a5\u8a2d\u8a08 Y\u00f2ng y\u00fa \u00e8li\u00e8 hu\u00e1nj\u00ecng de f\u00e1ngshu\u01d0 di\u00e0n li\u00e1nji\u0113 q\u00ec, li\u00e1nji\u0113 sh\u00e8j\u00ec"}]},{"@type":"WebSite","@id":"https:\/\/www.bulgin.com\/zh-hans\/#website","url":"https:\/\/www.bulgin.com\/zh-hans\/","name":"Bulgin","description":"","potentialAction":[{"@type":"SearchAction","target":{"@type":"EntryPoint","urlTemplate":"https:\/\/www.bulgin.com\/zh-hans\/?s={search_term_string}"},"query-input":{"@type":"PropertyValueSpecification","valueRequired":true,"valueName":"search_term_string"}}],"inLanguage":"zh-Hans"}]}},"_links":{"self":[{"href":"https:\/\/www.bulgin.com\/zh-hans\/wp-json\/wp\/v2\/pages\/25185","targetHints":{"allow":["GET"]}}],"collection":[{"href":"https:\/\/www.bulgin.com\/zh-hans\/wp-json\/wp\/v2\/pages"}],"about":[{"href":"https:\/\/www.bulgin.com\/zh-hans\/wp-json\/wp\/v2\/types\/page"}],"author":[{"embeddable":true,"href":"https:\/\/www.bulgin.com\/zh-hans\/wp-json\/wp\/v2\/users\/1"}],"replies":[{"embeddable":true,"href":"https:\/\/www.bulgin.com\/zh-hans\/wp-json\/wp\/v2\/comments?post=25185"}],"version-history":[{"count":5,"href":"https:\/\/www.bulgin.com\/zh-hans\/wp-json\/wp\/v2\/pages\/25185\/revisions"}],"predecessor-version":[{"id":30050,"href":"https:\/\/www.bulgin.com\/zh-hans\/wp-json\/wp\/v2\/pages\/25185\/revisions\/30050"}],"wp:attachment":[{"href":"https:\/\/www.bulgin.com\/zh-hans\/wp-json\/wp\/v2\/media?parent=25185"}],"curies":[{"name":"wp","href":"https:\/\/api.w.org\/{rel}","templated":true}]}}